{"id":234,"date":"2024-09-27T12:55:34","date_gmt":"2024-09-27T09:55:34","guid":{"rendered":"https:\/\/gunesnova.com\/?page_id=234"},"modified":"2024-12-17T12:38:15","modified_gmt":"2024-12-17T09:38:15","slug":"corporate","status":"publish","type":"page","link":"https:\/\/gunesnova.com\/en\/corporate\/","title":{"rendered":"Corporate"},"content":{"rendered":"<div data-elementor-type=\"wp-page\" data-elementor-id=\"234\" class=\"elementor elementor-234\" data-elementor-post-type=\"page\">\n\t\t\t\t<div class=\"elementor-element elementor-element-64ea6a58 e-flex e-con-boxed e-con e-parent\" data-id=\"64ea6a58\" data-element_type=\"container\" data-e-type=\"container\">\n\t\t\t\t\t<div class=\"e-con-inner\">\n\t\t<div class=\"elementor-element elementor-element-7755360 e-con-full e-flex elementor-invisible e-con e-child\" data-id=\"7755360\" data-element_type=\"container\" data-e-type=\"container\" data-settings=\"{&quot;animation&quot;:&quot;fadeIn&quot;}\">\n\t\t<div class=\"elementor-element elementor-element-3467a0d e-con-full e-flex e-con e-child\" data-id=\"3467a0d\" data-element_type=\"container\" data-e-type=\"container\">\n\t\t\t\t<div class=\"elementor-element elementor-element-fc64aff elementor-widget__width-inherit elementor-widget elementor-widget-jkit_animated_text\" data-id=\"fc64aff\" data-element_type=\"widget\" data-e-type=\"widget\" data-widget_type=\"jkit_animated_text.default\">\n\t\t\t\t<div class=\"elementor-widget-container\">\n\t\t\t\t\t<div  class=\"jeg-elementor-kit jkit-animated-text jeg_module___69fdb74c174c0\"  data-style=\"highlighted\" data-text=\" Ho\u015f Geldiniz!\" data-shape=\"underline\"><p class=\"animated-text\"><span class=\"normal-text style-color\">Welcome to <\/span><span class=\"dynamic-wrapper style-color\"><span class=\"dynamic-text\"> G\u00fcne\u015f Nova \u0130n\u015faat!<\/span><svg xmlns=\"http:\/\/www.w3.org\/2000\/svg\" viewbox=\"0 0 500 150\" preserveaspectratio=\"none\"><path class=\"style-color\"  d=\"M3,77.5s200.54-11,493,0\" transform=\"translate(-2.75 -68.11)\"\/><\/svg><\/span><span class=\"normal-text style-color\"><\/span><\/p><\/div>\t\t\t\t<\/div>\n\t\t\t\t<\/div>\n\t\t\t\t<div class=\"elementor-element elementor-element-67094d1 elementor-widget elementor-widget-text-editor\" data-id=\"67094d1\" data-element_type=\"widget\" data-e-type=\"widget\" data-widget_type=\"text-editor.default\">\n\t\t\t\t<div class=\"elementor-widget-container\">\n\t\t\t\t\t\t\t\t\tWelcome! We, G\u00fcne\u015f Nova \u0130n\u015f. Ltd. Ltd. are a sales company established to meet customer needs in the best way with 15 years of industry experience. With all our experience, we have made offering innovative, original solutions and customer satisfaction our primary goal by closely following the developments in the sector.\t\t\t\t\t\t\t\t<\/div>\n\t\t\t\t<\/div>\n\t\t\t\t<div class=\"elementor-element elementor-element-10bcbfb elementor-widget elementor-widget-text-editor\" data-id=\"10bcbfb\" data-element_type=\"widget\" data-e-type=\"widget\" data-widget_type=\"text-editor.default\">\n\t\t\t\t<div class=\"elementor-widget-container\">\n\t\t\t\t\t\t\t\t\tOur experienced team consists of professionals, each an expert in their field. In this way, we aim to exceed our customers' expectations by providing the highest quality service. Thanks to our customer-oriented approach and quality service approach, we are recognized as a reliable and preferred business partner in the industry.\t\t\t\t\t\t\t\t<\/div>\n\t\t\t\t<\/div>\n\t\t<div class=\"elementor-element elementor-element-67d98d7 e-flex e-con-boxed e-con e-child\" data-id=\"67d98d7\" data-element_type=\"container\" data-e-type=\"container\">\n\t\t\t\t\t<div class=\"e-con-inner\">\n\t\t<div class=\"elementor-element elementor-element-a9276e5 e-flex e-con-boxed e-con e-child\" data-id=\"a9276e5\" data-element_type=\"container\" data-e-type=\"container\">\n\t\t\t\t\t<div class=\"e-con-inner\">\n\t\t\t\t<div class=\"elementor-element elementor-element-e9256d3 elementor-widget elementor-widget-image-box\" data-id=\"e9256d3\" data-element_type=\"widget\" data-e-type=\"widget\" data-widget_type=\"image-box.default\">\n\t\t\t\t<div class=\"elementor-widget-container\">\n\t\t\t\t\t<div class=\"elementor-image-box-wrapper\"><div class=\"elementor-image-box-content\"><h3 class=\"elementor-image-box-title\">Expert Team <\/h3><p class=\"elementor-image-box-description\">We offer a wide range of products to our customers by supplying equipment, accessories and machine parts for ground engineering from domestic and abroad. With our quality products and professional services, we support our customers to successfully complete their projects.<\/p><\/div><\/div>\t\t\t\t<\/div>\n\t\t\t\t<\/div>\n\t\t\t\t\t<\/div>\n\t\t\t\t<\/div>\n\t\t<div class=\"elementor-element elementor-element-ce75a7b e-flex e-con-boxed e-con e-child\" data-id=\"ce75a7b\" data-element_type=\"container\" data-e-type=\"container\">\n\t\t\t\t\t<div class=\"e-con-inner\">\n\t\t\t\t<div class=\"elementor-element elementor-element-92751e2 elementor-widget elementor-widget-image-box\" data-id=\"92751e2\" data-element_type=\"widget\" data-e-type=\"widget\" data-widget_type=\"image-box.default\">\n\t\t\t\t<div class=\"elementor-widget-container\">\n\t\t\t\t\t<div class=\"elementor-image-box-wrapper\"><div class=\"elementor-image-box-content\"><h3 class=\"elementor-image-box-title\">Modern &amp; Yenilik\u00e7i<\/h3><p class=\"elementor-image-box-description\">G\u00fcne\u015f Nova \u0130n\u015faat Ltd. Ltd. as, we constantly improve ourselves by closely following the innovations and technological developments in the sector. In this way, we aim to keep our customers' satisfaction at the highest level by offering the most up-to-date and effective solutions.<\/p><\/div><\/div>\t\t\t\t<\/div>\n\t\t\t\t<\/div>\n\t\t\t\t\t<\/div>\n\t\t\t\t<\/div>\n\t\t\t\t\t<\/div>\n\t\t\t\t<\/div>\n\t\t\t\t<div class=\"elementor-element elementor-element-e874948 elementor-align-left elementor-widget elementor-widget-button\" data-id=\"e874948\" data-element_type=\"widget\" data-e-type=\"widget\" data-widget_type=\"button.default\">\n\t\t\t\t<div class=\"elementor-widget-container\">\n\t\t\t\t\t\t\t\t\t<div class=\"elementor-button-wrapper\">\n\t\t\t\t\t<a class=\"elementor-button elementor-button-link elementor-size-sm\" href=\"https:\/\/gunesnova.com\/en\/contact\/\">\n\t\t\t\t\t\t<span class=\"elementor-button-content-wrapper\">\n\t\t\t\t\t\t<span class=\"elementor-button-icon\">\n\t\t\t\t<i aria-hidden=\"true\" class=\"jki jki-right-arrow-light\"><\/i>\t\t\t<\/span>\n\t\t\t\t\t\t\t\t\t<span class=\"elementor-button-text\">Contact us for more information <\/span>\n\t\t\t\t\t<\/span>\n\t\t\t\t\t<\/a>\n\t\t\t\t<\/div>\n\t\t\t\t\t\t\t\t<\/div>\n\t\t\t\t<\/div>\n\t\t\t\t<\/div>\n\t\t\t\t<\/div>\n\t\t<div class=\"elementor-element elementor-element-185513ce e-con-full e-flex elementor-invisible e-con e-child\" data-id=\"185513ce\" data-element_type=\"container\" data-e-type=\"container\" data-settings=\"{&quot;animation&quot;:&quot;slideInUp&quot;}\">\n\t\t<div class=\"elementor-element elementor-element-185481d7 e-con-full e-flex e-con e-child\" data-id=\"185481d7\" data-element_type=\"container\" data-e-type=\"container\">\n\t\t\t\t<div class=\"elementor-element elementor-element-5037ffe6 elementor-widget elementor-widget-counter\" data-id=\"5037ffe6\" data-element_type=\"widget\" data-e-type=\"widget\" data-widget_type=\"counter.default\">\n\t\t\t\t<div class=\"elementor-widget-container\">\n\t\t\t\t\t\t\t<div class=\"elementor-counter\">\n\t\t\t<div class=\"elementor-counter-title\">Products<\/div>\t\t\t<div class=\"elementor-counter-number-wrapper\">\n\t\t\t\t<span class=\"elementor-counter-number-prefix\"><\/span>\n\t\t\t\t<span class=\"elementor-counter-number\" data-duration=\"2000\" data-to-value=\"50\" data-from-value=\"0\" data-delimiter=\",\">0<\/span>\n\t\t\t\t<span class=\"elementor-counter-number-suffix\">+<\/span>\n\t\t\t<\/div>\n\t\t<\/div>\n\t\t\t\t\t\t<\/div>\n\t\t\t\t<\/div>\n\t\t\t\t<\/div>\n\t\t<div class=\"elementor-element elementor-element-1bb36a9c e-con-full e-flex e-con e-child\" data-id=\"1bb36a9c\" data-element_type=\"container\" data-e-type=\"container\">\n\t\t\t\t<div class=\"elementor-element elementor-element-720edbf2 elementor-widget elementor-widget-counter\" data-id=\"720edbf2\" data-element_type=\"widget\" data-e-type=\"widget\" data-widget_type=\"counter.default\">\n\t\t\t\t<div class=\"elementor-widget-container\">\n\t\t\t\t\t\t\t<div class=\"elementor-counter\">\n\t\t\t<div class=\"elementor-counter-title\">Clients<\/div>\t\t\t<div class=\"elementor-counter-number-wrapper\">\n\t\t\t\t<span class=\"elementor-counter-number-prefix\"><\/span>\n\t\t\t\t<span class=\"elementor-counter-number\" data-duration=\"2000\" data-to-value=\"100\" data-from-value=\"0\" data-delimiter=\",\">0<\/span>\n\t\t\t\t<span class=\"elementor-counter-number-suffix\">+<\/span>\n\t\t\t<\/div>\n\t\t<\/div>\n\t\t\t\t\t\t<\/div>\n\t\t\t\t<\/div>\n\t\t\t\t<\/div>\n\t\t<div class=\"elementor-element elementor-element-4cd4ac33 e-con-full e-flex e-con e-child\" data-id=\"4cd4ac33\" data-element_type=\"container\" data-e-type=\"container\">\n\t\t\t\t<div class=\"elementor-element elementor-element-2941c80e elementor-widget elementor-widget-counter\" data-id=\"2941c80e\" data-element_type=\"widget\" data-e-type=\"widget\" data-widget_type=\"counter.default\">\n\t\t\t\t<div class=\"elementor-widget-container\">\n\t\t\t\t\t\t\t<div class=\"elementor-counter\">\n\t\t\t<div class=\"elementor-counter-title\">Expert Team<\/div>\t\t\t<div class=\"elementor-counter-number-wrapper\">\n\t\t\t\t<span class=\"elementor-counter-number-prefix\"><\/span>\n\t\t\t\t<span class=\"elementor-counter-number\" data-duration=\"2000\" data-to-value=\"10\" data-from-value=\"0\" data-delimiter=\",\">0<\/span>\n\t\t\t\t<span class=\"elementor-counter-number-suffix\">+<\/span>\n\t\t\t<\/div>\n\t\t<\/div>\n\t\t\t\t\t\t<\/div>\n\t\t\t\t<\/div>\n\t\t\t\t<\/div>\n\t\t\t\t<\/div>\n\t\t\t\t\t<\/div>\n\t\t\t\t<\/div>\n\t\t<div class=\"elementor-element elementor-element-5cc2296 e-flex e-con-boxed e-con e-parent\" data-id=\"5cc2296\" data-element_type=\"container\" data-e-type=\"container\" data-settings=\"{&quot;background_background&quot;:&quot;classic&quot;}\">\n\t\t\t\t\t<div class=\"e-con-inner\">\n\t\t<div class=\"elementor-element elementor-element-efa7d27 e-con-full e-flex e-con e-child\" data-id=\"efa7d27\" data-element_type=\"container\" data-e-type=\"container\">\n\t\t\t\t<div class=\"elementor-element elementor-element-898a348 elementor-widget-tablet__width-inherit elementor-widget-mobile__width-inherit elementor-widget elementor-widget-jkit_animated_text\" data-id=\"898a348\" data-element_type=\"widget\" data-e-type=\"widget\" data-widget_type=\"jkit_animated_text.default\">\n\t\t\t\t<div class=\"elementor-widget-container\">\n\t\t\t\t\t<div  class=\"jeg-elementor-kit jkit-animated-text jeg_module__1_69fdb74c1872a\"  data-style=\"highlighted\" data-text=\"Misyonumuz\" data-shape=\"underline\"><p class=\"animated-text\"><span class=\"normal-text style-color\"><\/span><span class=\"dynamic-wrapper style-color\"><span class=\"dynamic-text\">Our mission<\/span><svg xmlns=\"http:\/\/www.w3.org\/2000\/svg\" viewbox=\"0 0 500 150\" preserveaspectratio=\"none\"><path class=\"style-color\"  d=\"M3,77.5s200.54-11,493,0\" transform=\"translate(-2.75 -68.11)\"\/><\/svg><\/span><span class=\"normal-text style-color\"><\/span><\/p><\/div>\t\t\t\t<\/div>\n\t\t\t\t<\/div>\n\t\t\t\t<div class=\"elementor-element elementor-element-c4abc48 elementor-widget elementor-widget-text-editor\" data-id=\"c4abc48\" data-element_type=\"widget\" data-e-type=\"widget\" data-widget_type=\"text-editor.default\">\n\t\t\t\t<div class=\"elementor-widget-container\">\n\t\t\t\t\t\t\t\t\t<p>We aim to keep customer satisfaction at the highest level by offering innovative and original solutions. We see providing the highest quality service in our field as a standard with our experienced and expert team, and we continue to be a reliable business partner with our customer-oriented approach and quality service understanding.<\/p>\t\t\t\t\t\t\t\t<\/div>\n\t\t\t\t<\/div>\n\t\t\t\t<\/div>\n\t\t<div class=\"elementor-element elementor-element-df60a9d e-con-full e-flex e-con e-child\" data-id=\"df60a9d\" data-element_type=\"container\" data-e-type=\"container\">\n\t\t\t\t<div class=\"elementor-element elementor-element-08ebec0 elementor-widget-tablet__width-inherit elementor-widget-mobile__width-inherit elementor-widget elementor-widget-jkit_animated_text\" data-id=\"08ebec0\" data-element_type=\"widget\" data-e-type=\"widget\" data-widget_type=\"jkit_animated_text.default\">\n\t\t\t\t<div class=\"elementor-widget-container\">\n\t\t\t\t\t<div  class=\"jeg-elementor-kit jkit-animated-text jeg_module__2_69fdb74c19225\"  data-style=\"highlighted\" data-text=\"Vizyonumuz\" data-shape=\"underline\"><p class=\"animated-text\"><span class=\"normal-text style-color\"><\/span><span class=\"dynamic-wrapper style-color\"><span class=\"dynamic-text\">Our Vision<\/span><svg xmlns=\"http:\/\/www.w3.org\/2000\/svg\" viewbox=\"0 0 500 150\" preserveaspectratio=\"none\"><path class=\"style-color\"  d=\"M3,77.5s200.54-11,493,0\" transform=\"translate(-2.75 -68.11)\"\/><\/svg><\/span><span class=\"normal-text style-color\"><\/span><\/p><\/div>\t\t\t\t<\/div>\n\t\t\t\t<\/div>\n\t\t\t\t<div class=\"elementor-element elementor-element-a7cf19c elementor-widget elementor-widget-text-editor\" data-id=\"a7cf19c\" data-element_type=\"widget\" data-e-type=\"widget\" data-widget_type=\"text-editor.default\">\n\t\t\t\t<div class=\"elementor-widget-container\">\n\t\t\t\t\t\t\t\t\t<p>We aim to be a reliable and preferred brand in the sector by closely following the developments in the sector and offering innovative and original solutions. We have a vision of being a company that makes a difference in the sector and achieves lasting success by providing quality service nationally and internationally.<\/p>\t\t\t\t\t\t\t\t<\/div>\n\t\t\t\t<\/div>\n\t\t\t\t<\/div>\n\t\t\t\t\t<\/div>\n\t\t\t\t<\/div>\n\t\t\t\t<\/div>","protected":false},"excerpt":{"rendered":"<p>G\u00fcne\u015f Nova \u0130n\u015faat\u2019a Ho\u015f Geldiniz! Ho\u015f geldiniz! Biz, G\u00fcne\u015f Nova \u0130n\u015f. Ltd. \u015eti. olarak 15 y\u0131ll\u0131k sekt\u00f6rel deneyimle m\u00fc\u015fteri ihtiya\u00e7lar\u0131n\u0131 en iyi \u015fekilde kar\u015f\u0131lamak i\u00e7in kurulan bir sat\u0131\u015f firmas\u0131y\u0131z. T\u00fcm tecr\u00fcbemiz ile sekt\u00f6rdeki geli\u015fmeleri yak\u0131ndan takip ederek yenilik\u00e7i, \u00f6zg\u00fcn \u00e7\u00f6z\u00fcmler sunmay\u0131 ve m\u00fc\u015fteri memnuniyetini \u00f6ncelikli hedefimiz haline getirdik.Deneyimli ekibimiz, her biri kendi alan\u0131nda uzman olan [&hellip;]<\/p>\n","protected":false},"author":1,"featured_media":0,"parent":0,"menu_order":0,"comment_status":"closed","ping_status":"closed","template":"elementor_header_footer","meta":{"footnotes":""},"class_list":["post-234","page","type-page","status-publish","hentry"],"_links":{"self":[{"href":"https:\/\/gunesnova.com\/en\/wp-json\/wp\/v2\/pages\/234","targetHints":{"allow":["GET"]}}],"collection":[{"href":"https:\/\/gunesnova.com\/en\/wp-json\/wp\/v2\/pages"}],"about":[{"href":"https:\/\/gunesnova.com\/en\/wp-json\/wp\/v2\/types\/page"}],"author":[{"embeddable":true,"href":"https:\/\/gunesnova.com\/en\/wp-json\/wp\/v2\/users\/1"}],"replies":[{"embeddable":true,"href":"https:\/\/gunesnova.com\/en\/wp-json\/wp\/v2\/comments?post=234"}],"version-history":[{"count":38,"href":"https:\/\/gunesnova.com\/en\/wp-json\/wp\/v2\/pages\/234\/revisions"}],"predecessor-version":[{"id":772,"href":"https:\/\/gunesnova.com\/en\/wp-json\/wp\/v2\/pages\/234\/revisions\/772"}],"wp:attachment":[{"href":"https:\/\/gunesnova.com\/en\/wp-json\/wp\/v2\/media?parent=234"}],"curies":[{"name":"wp","href":"https:\/\/api.w.org\/{rel}","templated":true}]}}