{"id":234,"date":"2024-09-27T12:55:34","date_gmt":"2024-09-27T09:55:34","guid":{"rendered":"https:\/\/gunesnova.com\/?page_id=234"},"modified":"2024-12-17T12:38:15","modified_gmt":"2024-12-17T09:38:15","slug":"kurumsal","status":"publish","type":"page","link":"https:\/\/gunesnova.com\/ro\/kurumsal\/","title":{"rendered":"Kurumsal"},"content":{"rendered":"<div data-elementor-type=\"wp-page\" data-elementor-id=\"234\" class=\"elementor elementor-234\" data-elementor-post-type=\"page\">\n\t\t\t\t<div class=\"elementor-element elementor-element-64ea6a58 e-flex e-con-boxed e-con e-parent\" data-id=\"64ea6a58\" data-element_type=\"container\" data-e-type=\"container\">\n\t\t\t\t\t<div class=\"e-con-inner\">\n\t\t<div class=\"elementor-element elementor-element-7755360 e-con-full e-flex elementor-invisible e-con e-child\" data-id=\"7755360\" data-element_type=\"container\" data-e-type=\"container\" data-settings=\"{&quot;animation&quot;:&quot;fadeIn&quot;}\">\n\t\t<div class=\"elementor-element elementor-element-3467a0d e-con-full e-flex e-con e-child\" data-id=\"3467a0d\" data-element_type=\"container\" data-e-type=\"container\">\n\t\t\t\t<div class=\"elementor-element elementor-element-fc64aff elementor-widget__width-inherit elementor-widget elementor-widget-jkit_animated_text\" data-id=\"fc64aff\" data-element_type=\"widget\" data-e-type=\"widget\" data-widget_type=\"jkit_animated_text.default\">\n\t\t\t\t<div class=\"elementor-widget-container\">\n\t\t\t\t\t<div  class=\"jeg-elementor-kit jkit-animated-text jeg_module___6a00411ed2347\"  data-style=\"highlighted\" data-text=\" Ho\u015f Geldiniz!\" data-shape=\"underline\"><p class=\"animated-text\"><span class=\"normal-text style-color\">G\u00fcne\u015f Nova \u0130n\u015faat\u2019a <\/span><span class=\"dynamic-wrapper style-color\"><span class=\"dynamic-text\"> Ho\u015f Geldiniz!<\/span><svg xmlns=\"http:\/\/www.w3.org\/2000\/svg\" viewbox=\"0 0 500 150\" preserveaspectratio=\"none\"><path class=\"style-color\"  d=\"M3,77.5s200.54-11,493,0\" transform=\"translate(-2.75 -68.11)\"\/><\/svg><\/span><span class=\"normal-text style-color\"><\/span><\/p><\/div>\t\t\t\t<\/div>\n\t\t\t\t<\/div>\n\t\t\t\t<div class=\"elementor-element elementor-element-67094d1 elementor-widget elementor-widget-text-editor\" data-id=\"67094d1\" data-element_type=\"widget\" data-e-type=\"widget\" data-widget_type=\"text-editor.default\">\n\t\t\t\t<div class=\"elementor-widget-container\">\n\t\t\t\t\t\t\t\t\tHo\u015f geldiniz! Biz, G\u00fcne\u015f Nova \u0130n\u015f. Ltd. \u015eti. olarak 15 y\u0131ll\u0131k sekt\u00f6rel deneyimle m\u00fc\u015fteri ihtiya\u00e7lar\u0131n\u0131 en iyi \u015fekilde kar\u015f\u0131lamak i\u00e7in kurulan bir sat\u0131\u015f firmas\u0131y\u0131z. T\u00fcm tecr\u00fcbemiz ile sekt\u00f6rdeki geli\u015fmeleri yak\u0131ndan takip ederek yenilik\u00e7i, \u00f6zg\u00fcn \u00e7\u00f6z\u00fcmler sunmay\u0131 ve m\u00fc\u015fteri memnuniyetini \u00f6ncelikli hedefimiz haline getirdik.\t\t\t\t\t\t\t\t<\/div>\n\t\t\t\t<\/div>\n\t\t\t\t<div class=\"elementor-element elementor-element-10bcbfb elementor-widget elementor-widget-text-editor\" data-id=\"10bcbfb\" data-element_type=\"widget\" data-e-type=\"widget\" data-widget_type=\"text-editor.default\">\n\t\t\t\t<div class=\"elementor-widget-container\">\n\t\t\t\t\t\t\t\t\tDeneyimli ekibimiz, her biri kendi alan\u0131nda uzman olan profesyonellerden olu\u015fmaktad\u0131r. Bu sayede, m\u00fc\u015fterilerimize en y\u00fcksek kalitede hizmet sunarak, onlar\u0131n beklentilerini a\u015fmay\u0131 ama\u00e7l\u0131yoruz. M\u00fc\u015fteri odakl\u0131 yakla\u015f\u0131m\u0131m\u0131z ve kaliteli hizmet anlay\u0131\u015f\u0131m\u0131z sayesinde, sekt\u00f6rde g\u00fcvenilir ve tercih edilen bir i\u015f orta\u011f\u0131 olarak tan\u0131nmaktay\u0131z.\t\t\t\t\t\t\t\t<\/div>\n\t\t\t\t<\/div>\n\t\t<div class=\"elementor-element elementor-element-67d98d7 e-flex e-con-boxed e-con e-child\" data-id=\"67d98d7\" data-element_type=\"container\" data-e-type=\"container\">\n\t\t\t\t\t<div class=\"e-con-inner\">\n\t\t<div class=\"elementor-element elementor-element-a9276e5 e-flex e-con-boxed e-con e-child\" data-id=\"a9276e5\" data-element_type=\"container\" data-e-type=\"container\">\n\t\t\t\t\t<div class=\"e-con-inner\">\n\t\t\t\t<div class=\"elementor-element elementor-element-e9256d3 elementor-widget elementor-widget-image-box\" data-id=\"e9256d3\" data-element_type=\"widget\" data-e-type=\"widget\" data-widget_type=\"image-box.default\">\n\t\t\t\t<div class=\"elementor-widget-container\">\n\t\t\t\t\t<div class=\"elementor-image-box-wrapper\"><div class=\"elementor-image-box-content\"><h3 class=\"elementor-image-box-title\">Uzman Ekip <\/h3><p class=\"elementor-image-box-description\">Zemin uygulamalar\u0131ndaki ekipman ve aksesuarlar ile makina par\u00e7alar\u0131n\u0131 yurt i\u00e7i ve yurt d\u0131\u015f\u0131ndan tedarik ederek, m\u00fc\u015fterilerimize geni\u015f bir \u00fcr\u00fcn yelpazesi sunuyoruz. Kaliteli \u00fcr\u00fcnlerimiz ve profesyonel hizmetlerimizle, m\u00fc\u015fterilerimizin projelerini ba\u015far\u0131yla tamamlamalar\u0131na destek oluyoruz.<\/p><\/div><\/div>\t\t\t\t<\/div>\n\t\t\t\t<\/div>\n\t\t\t\t\t<\/div>\n\t\t\t\t<\/div>\n\t\t<div class=\"elementor-element elementor-element-ce75a7b e-flex e-con-boxed e-con e-child\" data-id=\"ce75a7b\" data-element_type=\"container\" data-e-type=\"container\">\n\t\t\t\t\t<div class=\"e-con-inner\">\n\t\t\t\t<div class=\"elementor-element elementor-element-92751e2 elementor-widget elementor-widget-image-box\" data-id=\"92751e2\" data-element_type=\"widget\" data-e-type=\"widget\" data-widget_type=\"image-box.default\">\n\t\t\t\t<div class=\"elementor-widget-container\">\n\t\t\t\t\t<div class=\"elementor-image-box-wrapper\"><div class=\"elementor-image-box-content\"><h3 class=\"elementor-image-box-title\">Modern &amp; Yenilik\u00e7i<\/h3><p class=\"elementor-image-box-description\">G\u00fcne\u015f Nova \u0130n\u015faat Ltd. \u015eti. olarak, sekt\u00f6rdeki yenilikleri ve teknolojik geli\u015fmeleri yak\u0131ndan takip ederek, s\u00fcrekli olarak kendimizi geli\u015ftiriyoruz. Bu sayede, m\u00fc\u015fterilerimize en g\u00fcncel ve etkili \u00e7\u00f6z\u00fcmleri sunarak, onlar\u0131n memnuniyetini en \u00fcst seviyede tutmay\u0131 hedefliyoruz.<\/p><\/div><\/div>\t\t\t\t<\/div>\n\t\t\t\t<\/div>\n\t\t\t\t\t<\/div>\n\t\t\t\t<\/div>\n\t\t\t\t\t<\/div>\n\t\t\t\t<\/div>\n\t\t\t\t<div class=\"elementor-element elementor-element-e874948 elementor-align-left elementor-widget elementor-widget-button\" data-id=\"e874948\" data-element_type=\"widget\" data-e-type=\"widget\" data-widget_type=\"button.default\">\n\t\t\t\t<div class=\"elementor-widget-container\">\n\t\t\t\t\t\t\t\t\t<div class=\"elementor-button-wrapper\">\n\t\t\t\t\t<a class=\"elementor-button elementor-button-link elementor-size-sm\" href=\"https:\/\/gunesnova.com\/ro\/iletisim\/\">\n\t\t\t\t\t\t<span class=\"elementor-button-content-wrapper\">\n\t\t\t\t\t\t<span class=\"elementor-button-icon\">\n\t\t\t\t<i aria-hidden=\"true\" class=\"jki jki-right-arrow-light\"><\/i>\t\t\t<\/span>\n\t\t\t\t\t\t\t\t\t<span class=\"elementor-button-text\">Daha fazla bilgi almak veya bizimle ileti\u015fime ge\u00e7mek i\u00e7in <\/span>\n\t\t\t\t\t<\/span>\n\t\t\t\t\t<\/a>\n\t\t\t\t<\/div>\n\t\t\t\t\t\t\t\t<\/div>\n\t\t\t\t<\/div>\n\t\t\t\t<\/div>\n\t\t\t\t<\/div>\n\t\t<div class=\"elementor-element elementor-element-185513ce e-con-full e-flex elementor-invisible e-con e-child\" data-id=\"185513ce\" data-element_type=\"container\" data-e-type=\"container\" data-settings=\"{&quot;animation&quot;:&quot;slideInUp&quot;}\">\n\t\t<div class=\"elementor-element elementor-element-185481d7 e-con-full e-flex e-con e-child\" data-id=\"185481d7\" data-element_type=\"container\" data-e-type=\"container\">\n\t\t\t\t<div class=\"elementor-element elementor-element-5037ffe6 elementor-widget elementor-widget-counter\" data-id=\"5037ffe6\" data-element_type=\"widget\" data-e-type=\"widget\" data-widget_type=\"counter.default\">\n\t\t\t\t<div class=\"elementor-widget-container\">\n\t\t\t\t\t\t\t<div class=\"elementor-counter\">\n\t\t\t<div class=\"elementor-counter-title\">\u00dcr\u00fcn \u00c7e\u015fidi<\/div>\t\t\t<div class=\"elementor-counter-number-wrapper\">\n\t\t\t\t<span class=\"elementor-counter-number-prefix\"><\/span>\n\t\t\t\t<span class=\"elementor-counter-number\" data-duration=\"2000\" data-to-value=\"50\" data-from-value=\"0\" data-delimiter=\",\">0<\/span>\n\t\t\t\t<span class=\"elementor-counter-number-suffix\">+<\/span>\n\t\t\t<\/div>\n\t\t<\/div>\n\t\t\t\t\t\t<\/div>\n\t\t\t\t<\/div>\n\t\t\t\t<\/div>\n\t\t<div class=\"elementor-element elementor-element-1bb36a9c e-con-full e-flex e-con e-child\" data-id=\"1bb36a9c\" data-element_type=\"container\" data-e-type=\"container\">\n\t\t\t\t<div class=\"elementor-element elementor-element-720edbf2 elementor-widget elementor-widget-counter\" data-id=\"720edbf2\" data-element_type=\"widget\" data-e-type=\"widget\" data-widget_type=\"counter.default\">\n\t\t\t\t<div class=\"elementor-widget-container\">\n\t\t\t\t\t\t\t<div class=\"elementor-counter\">\n\t\t\t<div class=\"elementor-counter-title\">M\u00fc\u015fteri<\/div>\t\t\t<div class=\"elementor-counter-number-wrapper\">\n\t\t\t\t<span class=\"elementor-counter-number-prefix\"><\/span>\n\t\t\t\t<span class=\"elementor-counter-number\" data-duration=\"2000\" data-to-value=\"100\" data-from-value=\"0\" data-delimiter=\",\">0<\/span>\n\t\t\t\t<span class=\"elementor-counter-number-suffix\">+<\/span>\n\t\t\t<\/div>\n\t\t<\/div>\n\t\t\t\t\t\t<\/div>\n\t\t\t\t<\/div>\n\t\t\t\t<\/div>\n\t\t<div class=\"elementor-element elementor-element-4cd4ac33 e-con-full e-flex e-con e-child\" data-id=\"4cd4ac33\" data-element_type=\"container\" data-e-type=\"container\">\n\t\t\t\t<div class=\"elementor-element elementor-element-2941c80e elementor-widget elementor-widget-counter\" data-id=\"2941c80e\" data-element_type=\"widget\" data-e-type=\"widget\" data-widget_type=\"counter.default\">\n\t\t\t\t<div class=\"elementor-widget-container\">\n\t\t\t\t\t\t\t<div class=\"elementor-counter\">\n\t\t\t<div class=\"elementor-counter-title\">Uzman Personel<\/div>\t\t\t<div class=\"elementor-counter-number-wrapper\">\n\t\t\t\t<span class=\"elementor-counter-number-prefix\"><\/span>\n\t\t\t\t<span class=\"elementor-counter-number\" data-duration=\"2000\" data-to-value=\"10\" data-from-value=\"0\" data-delimiter=\",\">0<\/span>\n\t\t\t\t<span class=\"elementor-counter-number-suffix\">+<\/span>\n\t\t\t<\/div>\n\t\t<\/div>\n\t\t\t\t\t\t<\/div>\n\t\t\t\t<\/div>\n\t\t\t\t<\/div>\n\t\t\t\t<\/div>\n\t\t\t\t\t<\/div>\n\t\t\t\t<\/div>\n\t\t<div class=\"elementor-element elementor-element-5cc2296 e-flex e-con-boxed e-con e-parent\" data-id=\"5cc2296\" data-element_type=\"container\" data-e-type=\"container\" data-settings=\"{&quot;background_background&quot;:&quot;classic&quot;}\">\n\t\t\t\t\t<div class=\"e-con-inner\">\n\t\t<div class=\"elementor-element elementor-element-efa7d27 e-con-full e-flex e-con e-child\" data-id=\"efa7d27\" data-element_type=\"container\" data-e-type=\"container\">\n\t\t\t\t<div class=\"elementor-element elementor-element-898a348 elementor-widget-tablet__width-inherit elementor-widget-mobile__width-inherit elementor-widget elementor-widget-jkit_animated_text\" data-id=\"898a348\" data-element_type=\"widget\" data-e-type=\"widget\" data-widget_type=\"jkit_animated_text.default\">\n\t\t\t\t<div class=\"elementor-widget-container\">\n\t\t\t\t\t<div  class=\"jeg-elementor-kit jkit-animated-text jeg_module__1_6a00411ed35f6\"  data-style=\"highlighted\" data-text=\"Misyonumuz\" data-shape=\"underline\"><p class=\"animated-text\"><span class=\"normal-text style-color\"><\/span><span class=\"dynamic-wrapper style-color\"><span class=\"dynamic-text\">Misyonumuz<\/span><svg xmlns=\"http:\/\/www.w3.org\/2000\/svg\" viewbox=\"0 0 500 150\" preserveaspectratio=\"none\"><path class=\"style-color\"  d=\"M3,77.5s200.54-11,493,0\" transform=\"translate(-2.75 -68.11)\"\/><\/svg><\/span><span class=\"normal-text style-color\"><\/span><\/p><\/div>\t\t\t\t<\/div>\n\t\t\t\t<\/div>\n\t\t\t\t<div class=\"elementor-element elementor-element-c4abc48 elementor-widget elementor-widget-text-editor\" data-id=\"c4abc48\" data-element_type=\"widget\" data-e-type=\"widget\" data-widget_type=\"text-editor.default\">\n\t\t\t\t<div class=\"elementor-widget-container\">\n\t\t\t\t\t\t\t\t\t<p>Yenilik\u00e7i ve \u00f6zg\u00fcn \u00e7\u00f6z\u00fcmler sunarak, m\u00fc\u015fteri memnuniyetini en \u00fcst seviyede tutmay\u0131 hedefliyoruz. Deneyimli ve uzman ekibimizle alan\u0131m\u0131zda en kaliteli hizmet sunmay\u0131 standart olarak g\u00f6r\u00fcyor, m\u00fc\u015fteri odakl\u0131 yakla\u015f\u0131m\u0131m\u0131z ve kaliteli hizmet anlay\u0131\u015f\u0131m\u0131zla g\u00fcvenilir bir i\u015f orta\u011f\u0131 olmay\u0131 s\u00fcrd\u00fcr\u00fcyoruz.<\/p>\t\t\t\t\t\t\t\t<\/div>\n\t\t\t\t<\/div>\n\t\t\t\t<\/div>\n\t\t<div class=\"elementor-element elementor-element-df60a9d e-con-full e-flex e-con e-child\" data-id=\"df60a9d\" data-element_type=\"container\" data-e-type=\"container\">\n\t\t\t\t<div class=\"elementor-element elementor-element-08ebec0 elementor-widget-tablet__width-inherit elementor-widget-mobile__width-inherit elementor-widget elementor-widget-jkit_animated_text\" data-id=\"08ebec0\" data-element_type=\"widget\" data-e-type=\"widget\" data-widget_type=\"jkit_animated_text.default\">\n\t\t\t\t<div class=\"elementor-widget-container\">\n\t\t\t\t\t<div  class=\"jeg-elementor-kit jkit-animated-text jeg_module__2_6a00411ed4325\"  data-style=\"highlighted\" data-text=\"Vizyonumuz\" data-shape=\"underline\"><p class=\"animated-text\"><span class=\"normal-text style-color\"><\/span><span class=\"dynamic-wrapper style-color\"><span class=\"dynamic-text\">Vizyonumuz<\/span><svg xmlns=\"http:\/\/www.w3.org\/2000\/svg\" viewbox=\"0 0 500 150\" preserveaspectratio=\"none\"><path class=\"style-color\"  d=\"M3,77.5s200.54-11,493,0\" transform=\"translate(-2.75 -68.11)\"\/><\/svg><\/span><span class=\"normal-text style-color\"><\/span><\/p><\/div>\t\t\t\t<\/div>\n\t\t\t\t<\/div>\n\t\t\t\t<div class=\"elementor-element elementor-element-a7cf19c elementor-widget elementor-widget-text-editor\" data-id=\"a7cf19c\" data-element_type=\"widget\" data-e-type=\"widget\" data-widget_type=\"text-editor.default\">\n\t\t\t\t<div class=\"elementor-widget-container\">\n\t\t\t\t\t\t\t\t\t<p>Sekt\u00f6rdeki geli\u015fmeleri yak\u0131ndan takip ederek, yenilik\u00e7i ve \u00f6zg\u00fcn \u00e7\u00f6z\u00fcmler sunan, sekt\u00f6rde g\u00fcvenilir ve tercih edilen bir marka olmay\u0131 ama\u00e7l\u0131yoruz. Ulusal ve uluslararas\u0131 alanda kaliteli hizmet sunarak, sekt\u00f6rde fark yaratan ve kal\u0131c\u0131 ba\u015far\u0131lar elde eden bir firma olmay\u0131 vizyon ediniyoruz.<\/p>\t\t\t\t\t\t\t\t<\/div>\n\t\t\t\t<\/div>\n\t\t\t\t<\/div>\n\t\t\t\t\t<\/div>\n\t\t\t\t<\/div>\n\t\t\t\t<\/div>","protected":false},"excerpt":{"rendered":"<p>G\u00fcne\u015f Nova \u0130n\u015faat\u2019a Ho\u015f Geldiniz! Ho\u015f geldiniz! Biz, G\u00fcne\u015f Nova \u0130n\u015f. Ltd. \u015eti. olarak 15 y\u0131ll\u0131k sekt\u00f6rel deneyimle m\u00fc\u015fteri ihtiya\u00e7lar\u0131n\u0131 en iyi \u015fekilde kar\u015f\u0131lamak i\u00e7in kurulan bir sat\u0131\u015f firmas\u0131y\u0131z. T\u00fcm tecr\u00fcbemiz ile sekt\u00f6rdeki geli\u015fmeleri yak\u0131ndan takip ederek yenilik\u00e7i, \u00f6zg\u00fcn \u00e7\u00f6z\u00fcmler sunmay\u0131 ve m\u00fc\u015fteri memnuniyetini \u00f6ncelikli hedefimiz haline getirdik.Deneyimli ekibimiz, her biri kendi alan\u0131nda uzman olan [&hellip;]<\/p>\n","protected":false},"author":1,"featured_media":0,"parent":0,"menu_order":0,"comment_status":"closed","ping_status":"closed","template":"elementor_header_footer","meta":{"footnotes":""},"class_list":["post-234","page","type-page","status-publish","hentry"],"_links":{"self":[{"href":"https:\/\/gunesnova.com\/ro\/wp-json\/wp\/v2\/pages\/234","targetHints":{"allow":["GET"]}}],"collection":[{"href":"https:\/\/gunesnova.com\/ro\/wp-json\/wp\/v2\/pages"}],"about":[{"href":"https:\/\/gunesnova.com\/ro\/wp-json\/wp\/v2\/types\/page"}],"author":[{"embeddable":true,"href":"https:\/\/gunesnova.com\/ro\/wp-json\/wp\/v2\/users\/1"}],"replies":[{"embeddable":true,"href":"https:\/\/gunesnova.com\/ro\/wp-json\/wp\/v2\/comments?post=234"}],"version-history":[{"count":38,"href":"https:\/\/gunesnova.com\/ro\/wp-json\/wp\/v2\/pages\/234\/revisions"}],"predecessor-version":[{"id":772,"href":"https:\/\/gunesnova.com\/ro\/wp-json\/wp\/v2\/pages\/234\/revisions\/772"}],"wp:attachment":[{"href":"https:\/\/gunesnova.com\/ro\/wp-json\/wp\/v2\/media?parent=234"}],"curies":[{"name":"wp","href":"https:\/\/api.w.org\/{rel}","templated":true}]}}